{"id":542,"date":"2025-05-23T13:37:12","date_gmt":"2025-05-23T13:37:12","guid":{"rendered":"https:\/\/filminbrasil.com\/?post_type=product&#038;p=542"},"modified":"2025-05-23T14:21:01","modified_gmt":"2025-05-23T14:21:01","slug":"curso-on-line-de-roteiro-para-series","status":"publish","type":"product","link":"https:\/\/filminbrasil.com\/?product=curso-on-line-de-roteiro-para-series","title":{"rendered":"Curso On-line de Roteiro para S\u00e9ries"},"content":{"rendered":"<p><span style=\"font-weight: 400;\">Facilitadora: Yoya Wursch<\/span><\/p>\n<p><span style=\"font-weight: 400;\">50 horas<\/span><\/p>\n<p><span style=\"font-weight: 400;\">17 de Junho a 12 de Agosto<\/span><\/p>\n<p><span style=\"font-weight: 400;\">Ter\u00e7as e quintas\u00a0<\/span><\/p>\n<p><span style=\"font-weight: 400;\">15h \u00e0s 18h<\/span><\/p>\n<p><span style=\"font-weight: 400;\">Investimento: R$1000,00<\/span><\/p>\n<p><span style=\"font-weight: 400;\">Formas de pagamento: Pix ou cart\u00e3o de cr\u00e9dito (em at\u00e9 12x)<\/span><\/p>\n<p><b>O que ser\u00e1 abordado no curso?<\/b><\/p>\n<ul>\n<li style=\"font-weight: 400;\" aria-level=\"1\"><span style=\"font-weight: 400;\">Story line<\/span><\/li>\n<li style=\"font-weight: 400;\" aria-level=\"1\"><span style=\"font-weight: 400;\">Perfil de personagens<\/span><\/li>\n<li style=\"font-weight: 400;\" aria-level=\"1\"><span style=\"font-weight: 400;\">Argumento de todos os epis\u00f3dios<\/span><\/li>\n<li style=\"font-weight: 400;\" aria-level=\"1\"><span style=\"font-weight: 400;\">Escaleta do piloto<\/span><\/li>\n<li style=\"font-weight: 400;\" aria-level=\"1\"><span style=\"font-weight: 400;\">Roteiro do piloto<\/span><\/li>\n<li style=\"font-weight: 400;\" aria-level=\"1\"><span style=\"font-weight: 400;\">B\u00edblia\u00a0<\/span><\/li>\n<li style=\"font-weight: 400;\" aria-level=\"1\"><span style=\"font-weight: 400;\">Apresenta\u00e7\u00e3o da s\u00e9rie<\/span><\/li>\n<\/ul>\n<p><b>Saiba mais sobre Yoya Wursch<\/b><\/p>\n<p><span style=\"font-weight: 400;\">Come\u00e7ou no cinema fazendo \u201cBete Balan\u00e7o\u201d, depois \u201cRock Estrela\u201d, \u201cLua de Cristal\u201d, \u201cSonho de Ver\u00e3o\u201d, \u201cCopacabana\u201d e outros. No teatro \u00e9 autora de \u201cTap Station\u201d, \u201cPoint&#8221; \u201cUm Toque de Hitchcock\u201d entre outras pe\u00e7as de sucesso. Em televis\u00e3o \u00e9 autora de novelas como \u201cCol\u00e9gio Brasil\u201d, \u201cDona Anja\u201d, \u201cMandacaru\u201d, \u201cMalha\u00e7\u00e3o\u201d, \u201cDance Dance Dance\u201d, \u201cVende-se Um V\u00e9u De Noiva\u201d. Al\u00e9m de escrever v\u00e1rios epis\u00f3dios de \u201cVoc\u00ea Decide\u201d com grande repercuss\u00e3o de p\u00fablico e m\u00eddia.<\/span><\/p>\n<p><span style=\"font-weight: 400;\">Professora de Roteiro e S\u00e9ries\u00a0<\/span><\/p>\n<p><span style=\"font-weight: 400;\">Na Escola de Cinema Darcy Ribeiro<\/span><\/p>\n<p><span style=\"font-weight: 400;\">Professora de Cursos Livres de Roteiro<\/span><\/p>\n<p><span style=\"font-weight: 400;\">Na CAL \u2013 Faculdade de Artes Laranjeiras<\/span><\/p>\n<p><span style=\"font-weight: 400;\">E no curso de P\u00f3s-Gradua\u00e7\u00e3o da Faculdade da Casa de Artes Laranjeiras<\/span><\/p>\n<p>&nbsp;<\/p>\n","protected":false},"excerpt":{"rendered":"<p>Facilitadora: Yoya Wursch 50 horas 17 de Junho a 12 de Agosto Ter\u00e7as e quintas\u00a0 15h \u00e0s 18h Investimento: R$1000,00 Formas de pagamento: Pix ou cart\u00e3o de cr\u00e9dito (em at\u00e9 12x) O que ser\u00e1 abordado no curso? Story line Perfil de personagens Argumento de todos os epis\u00f3dios Escaleta do piloto Roteiro do piloto B\u00edblia\u00a0 Apresenta\u00e7\u00e3o&#8230;<\/p>\n","protected":false},"featured_media":545,"comment_status":"open","ping_status":"closed","template":"","meta":[],"product_brand":[],"product_cat":[20],"product_tag":[80,78,79],"class_list":{"0":"post-542","1":"product","2":"type-product","3":"status-publish","4":"has-post-thumbnail","6":"product_cat-cursos-rapidos","7":"product_tag-curso-de-audiovisual","8":"product_tag-roteiro","9":"product_tag-roteiro-para-series","11":"first","12":"instock","13":"shipping-taxable","14":"purchasable","15":"product-type-simple"},"aioseo_notices":[],"_links":{"self":[{"href":"https:\/\/filminbrasil.com\/index.php?rest_route=\/wp\/v2\/product\/542","targetHints":{"allow":["GET"]}}],"collection":[{"href":"https:\/\/filminbrasil.com\/index.php?rest_route=\/wp\/v2\/product"}],"about":[{"href":"https:\/\/filminbrasil.com\/index.php?rest_route=\/wp\/v2\/types\/product"}],"replies":[{"embeddable":true,"href":"https:\/\/filminbrasil.com\/index.php?rest_route=%2Fwp%2Fv2%2Fcomments&post=542"}],"wp:featuredmedia":[{"embeddable":true,"href":"https:\/\/filminbrasil.com\/index.php?rest_route=\/wp\/v2\/media\/545"}],"wp:attachment":[{"href":"https:\/\/filminbrasil.com\/index.php?rest_route=%2Fwp%2Fv2%2Fmedia&parent=542"}],"wp:term":[{"taxonomy":"product_brand","embeddable":true,"href":"https:\/\/filminbrasil.com\/index.php?rest_route=%2Fwp%2Fv2%2Fproduct_brand&post=542"},{"taxonomy":"product_cat","embeddable":true,"href":"https:\/\/filminbrasil.com\/index.php?rest_route=%2Fwp%2Fv2%2Fproduct_cat&post=542"},{"taxonomy":"product_tag","embeddable":true,"href":"https:\/\/filminbrasil.com\/index.php?rest_route=%2Fwp%2Fv2%2Fproduct_tag&post=542"}],"curies":[{"name":"wp","href":"https:\/\/api.w.org\/{rel}","templated":true}]}}